{"id":5117,"date":"2022-10-20T13:19:11","date_gmt":"2022-10-20T13:19:11","guid":{"rendered":"https:\/\/ucai.eu\/ucai\/?page_id=5117"},"modified":"2025-03-16T13:58:22","modified_gmt":"2025-03-16T13:58:22","slug":"tesseramento","status":"publish","type":"page","link":"https:\/\/ucai.eu\/2\/tesseramento\/","title":{"rendered":"Tesseramento"},"content":{"rendered":"<p>[vc_row][vc_column]<div id=\"la_heading_69e65d87a78a1\" class=\"la-headings text-center\"><h2 class=\"js-el heading-tag la-unit-responsive\" style=\"\" >Tesseramento<\/h2><div class=\"js-el subheading-tag la-unit-responsive\" style=\"\" ><p>UCAI sei tu e senza il tuo contributo sarebbe difficile agire con orgoglio da africani, la tua iscrizione, ci d\u00e0 la forza e la giusta determinazione senza la quale ognuno di noi si sentirebbe pi\u00f9 solo, con tutte le conseguenze del caso. Un UCAI pi\u00f9 forte e coesa, rende pi\u00f9 forte ogni singolo africano in Italia \u201c<\/p>\n<\/div><\/div>\n[\/vc_column][\/vc_row][vc_row full_width=&#8221;stretch_row_content_no_spaces&#8221; css=&#8221;.vc_custom_1666272247896{background-color: #fcff00 !important;}&#8221;][vc_column][vc_single_image image=&#8221;5841&#8243; img_size=&#8221;full&#8221; alignment=&#8221;center&#8221;][\/vc_column][\/vc_row]<\/p>\n","protected":false},"excerpt":{"rendered":"<p>[vc_row][vc_column][\/vc_column][\/vc_row][vc_row full_width=&#8221;stretch_row_content_no_spaces&#8221; css=&#8221;.vc_custom_1666272247896{background-color: #fcff00 !important;}&#8221;][vc_column][vc_single_image image=&#8221;5841&#8243; img_size=&#8221;full&#8221; alignment=&#8221;center&#8221;][\/vc_column][\/vc_row]<\/p>\n","protected":false},"author":1,"featured_media":0,"parent":0,"menu_order":0,"comment_status":"closed","ping_status":"closed","template":"","meta":{"footnotes":""},"class_list":["post-5117","page","type-page","status-publish","hentry"],"_links":{"self":[{"href":"https:\/\/ucai.eu\/2\/wp-json\/wp\/v2\/pages\/5117","targetHints":{"allow":["GET"]}}],"collection":[{"href":"https:\/\/ucai.eu\/2\/wp-json\/wp\/v2\/pages"}],"about":[{"href":"https:\/\/ucai.eu\/2\/wp-json\/wp\/v2\/types\/page"}],"author":[{"embeddable":true,"href":"https:\/\/ucai.eu\/2\/wp-json\/wp\/v2\/users\/1"}],"replies":[{"embeddable":true,"href":"https:\/\/ucai.eu\/2\/wp-json\/wp\/v2\/comments?post=5117"}],"version-history":[{"count":8,"href":"https:\/\/ucai.eu\/2\/wp-json\/wp\/v2\/pages\/5117\/revisions"}],"predecessor-version":[{"id":5842,"href":"https:\/\/ucai.eu\/2\/wp-json\/wp\/v2\/pages\/5117\/revisions\/5842"}],"wp:attachment":[{"href":"https:\/\/ucai.eu\/2\/wp-json\/wp\/v2\/media?parent=5117"}],"curies":[{"name":"wp","href":"https:\/\/api.w.org\/{rel}","templated":true}]}}